{"id":3217,"date":"2024-04-16T11:12:14","date_gmt":"2024-04-16T09:12:14","guid":{"rendered":"https:\/\/elite-news.com\/espace-pedagogique\/"},"modified":"2025-10-23T14:19:04","modified_gmt":"2025-10-23T12:19:04","slug":"onderwijsruimte","status":"publish","type":"page","link":"https:\/\/elite-news.com\/nl\/onderwijsruimte\/","title":{"rendered":"Onderwijsruimte"},"content":{"rendered":"\n<section  class=\"slide\" style=\"\">\n<div class=\"slideContent\">\n<div class=\"acf-innerblocks-container\">\n\n<p><\/p>\n\n\n\n<h2 class=\"wp-block-heading\">Welkom in onze educatieve ruimte!<\/h2>\n\n\n\n<p>Ontdek ons educatieve gedeelte voor iedereen die de basisbeginselen van financi\u00ebn wil begrijpen. Of je nu een beginner bent die wat basiskennis wil opdoen of gewoon nieuwsgierig bent om meer te leren, we hebben een verzameling factsheets en video&#8217;s met uitleg samengesteld om je te helpen grip te krijgen op de complexe wereld van financi\u00ebn.<\/p>\n\n\n\n<p>Onze factsheets behandelen fundamentele concepten op een duidelijke en beknopte manier en helpen je de essentie van beleggen, risicobeheer, portefeuillediversificatie en nog veel meer te begrijpen. Of je nu ge\u00efnteresseerd bent in aandelenmarkten, beleggingsfondsen of strategie\u00ebn voor vermogensbeheer, onze leermiddelen zijn ontworpen om je te ondersteunen bij het leren.<\/p>\n\n\n\n<p>Neem de tijd om onze bronnen te verkennen, stel uzelf vragen en aarzel niet om contact op te nemen met onze experts als u hulp nodig hebt. Laten we samen de basisbeginselen van financi\u00ebn verkennen en de weg vrijmaken voor een meer verlichte financi\u00eble toekomst.<\/p>\n\n\n  \n\n<\/div>\n<\/div><!-- .slideContent -->\n<\/section>","protected":false},"excerpt":{"rendered":"","protected":false},"author":4,"featured_media":0,"parent":0,"menu_order":0,"comment_status":"closed","ping_status":"closed","template":"","meta":{"_acf_changed":false,"footnotes":""},"categories":[],"class_list":["post-3217","page","type-page","status-publish","hentry"],"acf":[],"yoast_head":"<!-- This site is optimized with the Yoast SEO plugin v27.4 - https:\/\/yoast.com\/product\/yoast-seo-wordpress\/ -->\n<title>Elite News - Un espace p\u00e9dagogique optimis\u00e9 pour les comptables<\/title>\n<meta name=\"description\" content=\"Lorem Espace p\u00e9dagogique ipsum dolor sit amet, consectetur adipiscing elit, sed do eiusmod tempor incididunt ut labore et dolore magna .\" \/>\n<meta name=\"robots\" content=\"index, follow, max-snippet:-1, max-image-preview:large, max-video-preview:-1\" \/>\n<link rel=\"canonical\" href=\"https:\/\/elite-news.com\/nl\/onderwijsruimte\/\" \/>\n<meta property=\"og:locale\" content=\"nl_NL\" \/>\n<meta property=\"og:type\" content=\"article\" \/>\n<meta property=\"og:title\" content=\"Elite News - Un espace p\u00e9dagogique optimis\u00e9 pour les comptables\" \/>\n<meta property=\"og:description\" content=\"Lorem Espace p\u00e9dagogique ipsum dolor sit amet, consectetur adipiscing elit, sed do eiusmod tempor incididunt ut labore et dolore magna .\" \/>\n<meta property=\"og:url\" content=\"https:\/\/elite-news.com\/nl\/onderwijsruimte\/\" \/>\n<meta property=\"og:site_name\" content=\"Elite News\" \/>\n<meta property=\"article:modified_time\" content=\"2025-10-23T12:19:04+00:00\" \/>\n<meta name=\"twitter:card\" content=\"summary_large_image\" \/>\n<meta name=\"twitter:label1\" content=\"Geschatte leestijd\" \/>\n\t<meta name=\"twitter:data1\" content=\"1 minuut\" \/>\n<script type=\"application\/ld+json\" class=\"yoast-schema-graph\">{\"@context\":\"https:\\\/\\\/schema.org\",\"@graph\":[{\"@type\":\"WebPage\",\"@id\":\"https:\\\/\\\/elite-news.com\\\/nl\\\/onderwijsruimte\\\/\",\"url\":\"https:\\\/\\\/elite-news.com\\\/nl\\\/onderwijsruimte\\\/\",\"name\":\"Elite News - Un espace p\u00e9dagogique optimis\u00e9 pour les comptables\",\"isPartOf\":{\"@id\":\"https:\\\/\\\/elite-news.com\\\/nl\\\/#website\"},\"datePublished\":\"2024-04-16T09:12:14+00:00\",\"dateModified\":\"2025-10-23T12:19:04+00:00\",\"description\":\"Lorem Espace p\u00e9dagogique ipsum dolor sit amet, consectetur adipiscing elit, sed do eiusmod tempor incididunt ut labore et dolore magna .\",\"breadcrumb\":{\"@id\":\"https:\\\/\\\/elite-news.com\\\/nl\\\/onderwijsruimte\\\/#breadcrumb\"},\"inLanguage\":\"nl-NL\",\"potentialAction\":[{\"@type\":\"ReadAction\",\"target\":[\"https:\\\/\\\/elite-news.com\\\/nl\\\/onderwijsruimte\\\/\"]}]},{\"@type\":\"BreadcrumbList\",\"@id\":\"https:\\\/\\\/elite-news.com\\\/nl\\\/onderwijsruimte\\\/#breadcrumb\",\"itemListElement\":[{\"@type\":\"ListItem\",\"position\":1,\"name\":\"Accueil\",\"item\":\"https:\\\/\\\/elite-news.com\\\/nl\\\/\"},{\"@type\":\"ListItem\",\"position\":2,\"name\":\"Onderwijsruimte\"}]},{\"@type\":\"WebSite\",\"@id\":\"https:\\\/\\\/elite-news.com\\\/nl\\\/#website\",\"url\":\"https:\\\/\\\/elite-news.com\\\/nl\\\/\",\"name\":\"Elite News\",\"description\":\"Votre plateforme financi\u00e8re de confiance\",\"potentialAction\":[{\"@type\":\"SearchAction\",\"target\":{\"@type\":\"EntryPoint\",\"urlTemplate\":\"https:\\\/\\\/elite-news.com\\\/nl\\\/?s={search_term_string}\"},\"query-input\":{\"@type\":\"PropertyValueSpecification\",\"valueRequired\":true,\"valueName\":\"search_term_string\"}}],\"inLanguage\":\"nl-NL\"}]}<\/script>\n<!-- \/ Yoast SEO plugin. -->","yoast_head_json":{"title":"Elite News - Un espace p\u00e9dagogique optimis\u00e9 pour les comptables","description":"Lorem Espace p\u00e9dagogique ipsum dolor sit amet, consectetur adipiscing elit, sed do eiusmod tempor incididunt ut labore et dolore magna .","robots":{"index":"index","follow":"follow","max-snippet":"max-snippet:-1","max-image-preview":"max-image-preview:large","max-video-preview":"max-video-preview:-1"},"canonical":"https:\/\/elite-news.com\/nl\/onderwijsruimte\/","og_locale":"nl_NL","og_type":"article","og_title":"Elite News - Un espace p\u00e9dagogique optimis\u00e9 pour les comptables","og_description":"Lorem Espace p\u00e9dagogique ipsum dolor sit amet, consectetur adipiscing elit, sed do eiusmod tempor incididunt ut labore et dolore magna .","og_url":"https:\/\/elite-news.com\/nl\/onderwijsruimte\/","og_site_name":"Elite News","article_modified_time":"2025-10-23T12:19:04+00:00","twitter_card":"summary_large_image","twitter_misc":{"Geschatte leestijd":"1 minuut"},"schema":{"@context":"https:\/\/schema.org","@graph":[{"@type":"WebPage","@id":"https:\/\/elite-news.com\/nl\/onderwijsruimte\/","url":"https:\/\/elite-news.com\/nl\/onderwijsruimte\/","name":"Elite News - Un espace p\u00e9dagogique optimis\u00e9 pour les comptables","isPartOf":{"@id":"https:\/\/elite-news.com\/nl\/#website"},"datePublished":"2024-04-16T09:12:14+00:00","dateModified":"2025-10-23T12:19:04+00:00","description":"Lorem Espace p\u00e9dagogique ipsum dolor sit amet, consectetur adipiscing elit, sed do eiusmod tempor incididunt ut labore et dolore magna .","breadcrumb":{"@id":"https:\/\/elite-news.com\/nl\/onderwijsruimte\/#breadcrumb"},"inLanguage":"nl-NL","potentialAction":[{"@type":"ReadAction","target":["https:\/\/elite-news.com\/nl\/onderwijsruimte\/"]}]},{"@type":"BreadcrumbList","@id":"https:\/\/elite-news.com\/nl\/onderwijsruimte\/#breadcrumb","itemListElement":[{"@type":"ListItem","position":1,"name":"Accueil","item":"https:\/\/elite-news.com\/nl\/"},{"@type":"ListItem","position":2,"name":"Onderwijsruimte"}]},{"@type":"WebSite","@id":"https:\/\/elite-news.com\/nl\/#website","url":"https:\/\/elite-news.com\/nl\/","name":"Elite News","description":"Votre plateforme financi\u00e8re de confiance","potentialAction":[{"@type":"SearchAction","target":{"@type":"EntryPoint","urlTemplate":"https:\/\/elite-news.com\/nl\/?s={search_term_string}"},"query-input":{"@type":"PropertyValueSpecification","valueRequired":true,"valueName":"search_term_string"}}],"inLanguage":"nl-NL"}]}},"_links":{"self":[{"href":"https:\/\/elite-news.com\/nl\/wp-json\/wp\/v2\/pages\/3217","targetHints":{"allow":["GET"]}}],"collection":[{"href":"https:\/\/elite-news.com\/nl\/wp-json\/wp\/v2\/pages"}],"about":[{"href":"https:\/\/elite-news.com\/nl\/wp-json\/wp\/v2\/types\/page"}],"author":[{"embeddable":true,"href":"https:\/\/elite-news.com\/nl\/wp-json\/wp\/v2\/users\/4"}],"replies":[{"embeddable":true,"href":"https:\/\/elite-news.com\/nl\/wp-json\/wp\/v2\/comments?post=3217"}],"version-history":[{"count":5,"href":"https:\/\/elite-news.com\/nl\/wp-json\/wp\/v2\/pages\/3217\/revisions"}],"predecessor-version":[{"id":6896,"href":"https:\/\/elite-news.com\/nl\/wp-json\/wp\/v2\/pages\/3217\/revisions\/6896"}],"wp:attachment":[{"href":"https:\/\/elite-news.com\/nl\/wp-json\/wp\/v2\/media?parent=3217"}],"wp:term":[{"taxonomy":"category","embeddable":true,"href":"https:\/\/elite-news.com\/nl\/wp-json\/wp\/v2\/categories?post=3217"}],"curies":[{"name":"wp","href":"https:\/\/api.w.org\/{rel}","templated":true}]}}